{"id":111,"date":"2023-02-05T18:21:38","date_gmt":"2023-02-05T17:21:38","guid":{"rendered":"https:\/\/praxis-kubinplatz.at\/?page_id=111"},"modified":"2023-02-14T17:43:54","modified_gmt":"2023-02-14T16:43:54","slug":"kontakt","status":"publish","type":"page","link":"https:\/\/praxis-kubinplatz.at\/?page_id=111","title":{"rendered":"Kontakt"},"content":{"rendered":"\n[et_pb_section fb_built=&#8220;1&#8243; fullwidth=&#8220;on&#8220; _builder_version=&#8220;4.19.4&#8243; _module_preset=&#8220;default&#8220; global_colors_info=&#8220;{}&#8220; theme_builder_area=&#8220;post_content&#8220;][et_pb_fullwidth_header title=&#8220;Praxis am Kubinplatz&#8220; _builder_version=&#8220;4.19.4&#8243; _module_preset=&#8220;default&#8220; title_font=&#8220;|700|||||||&#8220; title_font_size=&#8220;60px&#8220; background_image=&#8220;https:\/\/praxis-kubinplatz.at\/wp-content\/uploads\/2023\/02\/hintergrund3-scaled.jpg&#8220; custom_padding=&#8220;15vh||15vh||false|false&#8220; global_colors_info=&#8220;{}&#8220; theme_builder_area=&#8220;post_content&#8220;][\/et_pb_fullwidth_header][\/et_pb_section][et_pb_section fb_built=&#8220;1&#8243; admin_label=&#8220;Hero&#8220; _builder_version=&#8220;4.19.4&#8243; custom_padding=&#8220;5vh||5vh||true|false&#8220; bottom_divider_height=&#8220;0px&#8220; hover_enabled=&#8220;0&#8243; global_colors_info=&#8220;{}&#8220; sticky_enabled=&#8220;0&#8243;][et_pb_row _builder_version=&#8220;4.16&#8243; custom_margin=&#8220;|||&#8220; custom_margin_tablet=&#8220;||0px|&#8220; custom_margin_last_edited=&#8220;off|desktop&#8220; custom_padding=&#8220;|||&#8220; global_colors_info=&#8220;{}&#8220;][et_pb_column type=&#8220;4_4&#8243; _builder_version=&#8220;4.16&#8243; custom_padding=&#8220;|||&#8220; custom_padding_tablet=&#8220;0px|50px|50px|50px&#8220; custom_padding_last_edited=&#8220;off|desktop&#8220; global_colors_info=&#8220;{}&#8220; padding_tablet=&#8220;0px|50px|50px|50px&#8220; padding_last_edited=&#8220;off|desktop&#8220; custom_padding__hover=&#8220;|||&#8220;][et_pb_image src=&#8220;https:\/\/praxis-kubinplatz.at\/wp-content\/uploads\/2023\/02\/health-icon-11-3.png&#8220; _builder_version=&#8220;4.16&#8243; always_center_on_mobile=&#8220;off&#8220; global_colors_info=&#8220;{}&#8220;][\/et_pb_image][et_pb_text _builder_version=&#8220;4.19.4&#8243; text_font=&#8220;Montserrat|300|||||||&#8220; text_text_color=&#8220;#677a92&#8243; text_font_size=&#8220;16px&#8220; text_line_height=&#8220;1.8em&#8220; header_font=&#8220;Montserrat||||||||&#8220; header_font_size=&#8220;50px&#8220; header_line_height=&#8220;1.3em&#8220; header_2_font=&#8220;||||||||&#8220; max_width=&#8220;750px&#8220; custom_margin=&#8220;|||&#8220; custom_margin_tablet=&#8220;0px|50px||50px&#8220; custom_margin_phone=&#8220;|20px||&#8220; custom_margin_last_edited=&#8220;off|desktop&#8220; custom_padding=&#8220;|||&#8220; text_line_height_tablet=&#8220;1.8em&#8220; text_line_height_phone=&#8220;1.8em&#8220; text_line_height_last_edited=&#8220;on|phone&#8220; header_font_size_tablet=&#8220;&#8220; header_font_size_phone=&#8220;36px&#8220; header_font_size_last_edited=&#8220;on|phone&#8220; header_2_font_size_phone=&#8220;30px&#8220; header_2_font_size_last_edited=&#8220;off|desktop&#8220; locked=&#8220;off&#8220; global_colors_info=&#8220;{}&#8220;]<h1>Kontakt<\/h1>[\/et_pb_text][et_pb_text _builder_version=&#8220;4.19.4&#8243; text_font=&#8220;Montserrat|300|||||||&#8220; text_font_size=&#8220;16px&#8220; text_line_height=&#8220;2em&#8220; link_font=&#8220;||||||||&#8220; ul_font=&#8220;||||||||&#8220; ol_font=&#8220;||||||||&#8220; quote_font=&#8220;||||||||&#8220; header_font=&#8220;||||||||&#8220; header_2_font=&#8220;Montserrat|300|||||||&#8220; header_2_text_color=&#8220;#212d3b&#8220; header_2_font_size=&#8220;40px&#8220; header_2_line_height=&#8220;1.5em&#8220; max_width=&#8220;750px&#8220; custom_margin=&#8220;|||&#8220; custom_margin_tablet=&#8220;0px|50px||50px&#8220; custom_margin_last_edited=&#8220;off|desktop&#8220; custom_padding=&#8220;|||&#8220; locked=&#8220;off&#8220; global_colors_info=&#8220;{}&#8220;]<p>Unsere Adresse lautet:<br \/>Alfred-Kubin-Platz 4\/1a\/1<br \/>1220 Wien<\/p>\n<p>Der barrierefreie Zugang ist \u00fcber Stiege 53 (bei Cafe Nostalgie) m\u00f6glich.<\/p>\n<p>Telefonisch sind wir w\u00e4hrend der Ordinationszeiten unter 01\/25 95 500 erreichbar.<\/p>[\/et_pb_text][\/et_pb_column][\/et_pb_row][\/et_pb_section][et_pb_section fb_built=&#8220;1&#8243; admin_label=&#8220;Map&#8220; _builder_version=&#8220;4.16&#8243; custom_padding=&#8220;0|0px|0|0px|false|false&#8220; global_colors_info=&#8220;{}&#8220;][et_pb_row use_custom_gutter=&#8220;on&#8220; gutter_width=&#8220;1&#8243; make_equal=&#8220;on&#8220; module_class=&#8220; et_pb_row_fullwidth&#8220; _builder_version=&#8220;4.16&#8243; width=&#8220;100%&#8220; width_tablet=&#8220;100%&#8220; width_phone=&#8220;100%&#8220; width_last_edited=&#8220;on|desktop&#8220; max_width=&#8220;100%&#8220; max_width_tablet=&#8220;100%&#8220; max_width_phone=&#8220;100%&#8220; max_width_last_edited=&#8220;on|desktop&#8220; custom_padding=&#8220;0|0px|0|0px&#8220; make_fullwidth=&#8220;on&#8220; global_colors_info=&#8220;{}&#8220;][et_pb_column type=&#8220;4_4&#8243; _builder_version=&#8220;4.16&#8243; custom_padding=&#8220;|||&#8220; global_colors_info=&#8220;{}&#8220; custom_padding__hover=&#8220;|||&#8220;][et_pb_map address=&#8220;Alfred-Kubin-Platz 4\/1A\/1, 1220 Wien, Austria&#8220; zoom_level=&#8220;14&#8243; address_lat=&#8220;48.2601023&#8243; address_lng=&#8220;16.4413473&#8243; mouse_wheel=&#8220;off&#8220; _builder_version=&#8220;4.19.4&#8243; filter_saturate=&#8220;160%&#8220; hover_enabled=&#8220;0&#8243; global_colors_info=&#8220;{}&#8220; height=&#8220;550px&#8220; sticky_enabled=&#8220;0&#8243;][et_pb_map_pin title=&#8220;Ordination&#8220; pin_address=&#8220;Alfred-Kubin-Platz 4\/1A\/1, 1220 Wien, Austria&#8220; pin_address_lat=&#8220;48.2601023&#8243; pin_address_lng=&#8220;16.4413473&#8243; _builder_version=&#8220;4.19.4&#8243; _module_preset=&#8220;default&#8220; global_colors_info=&#8220;{}&#8220;][\/et_pb_map_pin][\/et_pb_map][\/et_pb_column][\/et_pb_row][\/et_pb_section][et_pb_section fb_built=&#8220;1&#8243; next_background_color=&#8220;#0DA0C5&#8243; admin_label=&#8220;Give&#8220; _builder_version=&#8220;4.16&#8243; background_color=&#8220;#f1f5f7&#8243; custom_padding=&#8220;0|0px|200px|0px|false|false&#8220; bottom_divider_style=&#8220;wave2&#8243; bottom_divider_height=&#8220;120px&#8220; bottom_divider_repeat=&#8220;0.5x&#8220; bottom_divider_arrangement=&#8220;above_content&#8220; border_radii=&#8220;||15vw||&#8220; locked=&#8220;off&#8220; global_colors_info=&#8220;{}&#8220;][\/et_pb_section][et_pb_section fb_built=&#8220;1&#8243; admin_label=&#8220;Footer&#8220; _builder_version=&#8220;4.19.4&#8243; background_color=&#8220;#0DA0C5&#8243; custom_padding=&#8220;120px||120px||false|false&#8220; top_divider_height=&#8220;660px&#8220; top_divider_flip=&#8220;horizontal&#8220; bottom_divider_style=&#8220;clouds2&#8243; bottom_divider_color=&#8220;rgba(255,255,255,0.08)&#8220; bottom_divider_height=&#8220;600px&#8220; bottom_divider_flip=&#8220;vertical&#8220; global_colors_info=&#8220;{}&#8220;][et_pb_row _builder_version=&#8220;4.19.4&#8243; global_colors_info=&#8220;{}&#8220;][et_pb_column type=&#8220;4_4&#8243; _builder_version=&#8220;4.19.4&#8243; custom_padding=&#8220;|||&#8220; global_colors_info=&#8220;{}&#8220; custom_padding__hover=&#8220;|||&#8220;][et_pb_image src=&#8220;https:\/\/praxis-kubinplatz.at\/wp-content\/uploads\/2023\/02\/health-icon-10-2.png&#8220; align=&#8220;center&#8220; align_tablet=&#8220;center&#8220; align_phone=&#8220;center&#8220; align_last_edited=&#8220;on|desktop&#8220; _builder_version=&#8220;4.16&#8243; locked=&#8220;off&#8220; global_colors_info=&#8220;{}&#8220;][\/et_pb_image][et_pb_text content_tablet=&#8220;<h2><\/h2>\n<blockquote>\n<h2>Allgemeinordination<\/h2>\n<\/blockquote>\n<h3>Dr. Preimesberger-Riehl<\/h3>\n<h3>Dr. Mayrhofer-Reinhartshuber<\/h3>\n<h3><\/h3>&#8220; content_phone=&#8220;<h2><\/h2>\n<blockquote>\n<h2>Allgemeinordination<\/h2>\n<\/blockquote>\n<h3>Dr. Preimesberger-Riehl<\/h3>\n<h3>Dr. Mayrhofer-Reinhartshuber<\/h3>\n<h3><\/h3>&#8220; content_last_edited=&#8220;on|phone&#8220; _builder_version=&#8220;4.19.4&#8243; text_font=&#8220;Montserrat||||||||&#8220; header_font=&#8220;||||||||&#8220; header_2_font=&#8220;Montserrat|300|||||||&#8220; header_2_text_align=&#8220;center&#8220; header_2_font_size=&#8220;50px&#8220; header_2_line_height=&#8220;1.4em&#8220; header_3_font_size=&#8220;18px&#8220; text_orientation=&#8220;center&#8220; background_layout=&#8220;dark&#8220; header_2_font_size_tablet=&#8220;&#8220; header_2_font_size_phone=&#8220;26px&#8220; header_2_font_size_last_edited=&#8220;on|phone&#8220; header_2_line_height_tablet=&#8220;1.4em&#8220; header_2_line_height_phone=&#8220;&#8220; header_2_line_height_last_edited=&#8220;on|desktop&#8220; border_style_all=&#8220;none&#8220; global_colors_info=&#8220;{}&#8220;]<h2>Allgemeinordination<\/h2>\n<h3>Dr. Preimesberger-Riehl<\/h3>\n<h3>Dr. Mayrhofer-Reinhartshuber<\/h3>\n<h3><\/h3>\n<p>alle Kassen und privat<\/p>[\/et_pb_text][\/et_pb_column][\/et_pb_row][et_pb_row column_structure=&#8220;1_2,1_2&#8243; admin_label=&#8220;Content Area&#8220; _builder_version=&#8220;4.19.4&#8243; global_colors_info=&#8220;{}&#8220;][et_pb_column type=&#8220;1_2&#8243; _builder_version=&#8220;4.16&#8243; custom_padding=&#8220;|||&#8220; global_colors_info=&#8220;{}&#8220; custom_padding__hover=&#8220;|||&#8220;][et_pb_blurb title=&#8220;01\/25 95 500&#8243; use_icon=&#8220;on&#8220; font_icon=&#8220;&#xe090;||divi||400&#8243; icon_color=&#8220;#2f8cff&#8220; image_icon_background_color=&#8220;#ffffff&#8220; icon_placement=&#8220;left&#8220; image_icon_width=&#8220;16px&#8220; _builder_version=&#8220;4.19.4&#8243; header_font=&#8220;Montserrat||||||||&#8220; header_text_color=&#8220;#ffffff&#8220; header_font_size=&#8220;20px&#8220; header_line_height=&#8220;1.7em&#8220; image_icon_custom_padding=&#8220;8px|8px|8px|8px|false|false&#8220; custom_padding=&#8220;||||false|false&#8220; border_radii_image=&#8220;on|100%|100%|100%|100%&#8220; icon_font_size=&#8220;16px&#8220; use_circle=&#8220;on&#8220; circle_color=&#8220;#ffffff&#8220; global_colors_info=&#8220;{}&#8220; image_icon_background_color__sticky_enabled=&#8220;#28cccc&#8220; image_icon_background_color__sticky=&#8220;#28cccc&#8220;][\/et_pb_blurb][\/et_pb_column][et_pb_column type=&#8220;1_2&#8243; _builder_version=&#8220;4.16&#8243; custom_padding=&#8220;|||&#8220; global_colors_info=&#8220;{}&#8220; custom_padding__hover=&#8220;|||&#8220;][et_pb_blurb title=&#8220;Alfred-Kubin-Platz 4\/1a\/1, 1220 Wien&#8220; use_icon=&#8220;on&#8220; font_icon=&#8220;&#xe081;||divi||400&#8243; icon_color=&#8220;#2f8cff&#8220; image_icon_background_color=&#8220;#ffffff&#8220; icon_placement=&#8220;left&#8220; image_icon_width=&#8220;16px&#8220; _builder_version=&#8220;4.19.4&#8243; header_font=&#8220;Montserrat||||||||&#8220; header_text_color=&#8220;#ffffff&#8220; header_font_size=&#8220;20px&#8220; header_line_height=&#8220;1.7em&#8220; image_icon_custom_padding=&#8220;8px|8px|8px|8px|false|false&#8220; custom_padding=&#8220;||||false|false&#8220; border_radii_image=&#8220;on|100%|100%|100%|100%&#8220; icon_font_size=&#8220;16px&#8220; use_circle=&#8220;on&#8220; circle_color=&#8220;#ffffff&#8220; locked=&#8220;off&#8220; global_colors_info=&#8220;{}&#8220; image_icon_background_color__sticky_enabled=&#8220;#28cccc&#8220; image_icon_background_color__sticky=&#8220;#28cccc&#8220;][\/et_pb_blurb][\/et_pb_column][\/et_pb_row][\/et_pb_section]\n","protected":false},"excerpt":{"rendered":"<p>KontaktUnsere Adresse lautet:Alfred-Kubin-Platz 4\/1a\/11220 Wien Der barrierefreie Zugang ist \u00fcber Stiege 53 (bei Cafe Nostalgie) m\u00f6glich. Telefonisch sind wir w\u00e4hrend der Ordinationszeiten unter 01\/25 95 500 erreichbar.Allgemeinordination Dr. Preimesberger-Riehl Dr. Mayrhofer-Reinhartshuber alle Kassen und privat<\/p>\n","protected":false},"author":1,"featured_media":0,"parent":0,"menu_order":0,"comment_status":"closed","ping_status":"closed","template":"","meta":{"_et_pb_use_builder":"on","_et_pb_old_content":"","_et_gb_content_width":"","om_disable_all_campaigns":false,"_monsterinsights_skip_tracking":false,"_monsterinsights_sitenote_active":false,"_monsterinsights_sitenote_note":"","_monsterinsights_sitenote_category":0,"footnotes":""},"class_list":["post-111","page","type-page","status-publish","hentry"],"aioseo_notices":[],"_links":{"self":[{"href":"https:\/\/praxis-kubinplatz.at\/index.php?rest_route=\/wp\/v2\/pages\/111","targetHints":{"allow":["GET"]}}],"collection":[{"href":"https:\/\/praxis-kubinplatz.at\/index.php?rest_route=\/wp\/v2\/pages"}],"about":[{"href":"https:\/\/praxis-kubinplatz.at\/index.php?rest_route=\/wp\/v2\/types\/page"}],"author":[{"embeddable":true,"href":"https:\/\/praxis-kubinplatz.at\/index.php?rest_route=\/wp\/v2\/users\/1"}],"replies":[{"embeddable":true,"href":"https:\/\/praxis-kubinplatz.at\/index.php?rest_route=%2Fwp%2Fv2%2Fcomments&post=111"}],"version-history":[{"count":12,"href":"https:\/\/praxis-kubinplatz.at\/index.php?rest_route=\/wp\/v2\/pages\/111\/revisions"}],"predecessor-version":[{"id":160,"href":"https:\/\/praxis-kubinplatz.at\/index.php?rest_route=\/wp\/v2\/pages\/111\/revisions\/160"}],"wp:attachment":[{"href":"https:\/\/praxis-kubinplatz.at\/index.php?rest_route=%2Fwp%2Fv2%2Fmedia&parent=111"}],"curies":[{"name":"wp","href":"https:\/\/api.w.org\/{rel}","templated":true}]}}